{"id":228528,"date":"2023-11-03T14:04:03","date_gmt":"2023-11-03T14:04:03","guid":{"rendered":"https:\/\/dialogandoenfamilia.com\/home\/?page_id=228528"},"modified":"2024-09-13T03:32:37","modified_gmt":"2024-09-13T03:32:37","slug":"elementor-228528","status":"publish","type":"page","link":"https:\/\/dialogandoenfamilia.com\/?page_id=228528","title":{"rendered":"\u00bfQui\u00e9nes somos?"},"content":{"rendered":"\t\t<div data-elementor-type=\"wp-page\" data-elementor-id=\"228528\" class=\"elementor elementor-228528\">\n\t\t\t\t<div class=\"elementor-element elementor-element-395d812 e-flex e-con-boxed e-con e-parent\" data-id=\"395d812\" data-element_type=\"container\" data-e-type=\"container\">\n\t\t\t\t\t<div class=\"e-con-inner\">\n\t\t\t\t<div class=\"elementor-element elementor-element-1ad328a elementor-widget elementor-widget-heading\" data-id=\"1ad328a\" data-element_type=\"widget\" data-e-type=\"widget\" data-widget_type=\"heading.default\">\n\t\t\t\t<div class=\"elementor-widget-container\">\n\t\t\t\t\t<h2 class=\"elementor-heading-title elementor-size-default\">\u00bfQuienes somos?<\/h2>\t\t\t\t<\/div>\n\t\t\t\t<\/div>\n\t\t\t\t\t<\/div>\n\t\t\t\t<\/div>\n\t\t<div class=\"elementor-element elementor-element-8ea8a25 e-flex e-con-boxed e-con e-parent\" data-id=\"8ea8a25\" data-element_type=\"container\" data-e-type=\"container\">\n\t\t\t\t\t<div class=\"e-con-inner\">\n\t\t\t\t<div class=\"elementor-element elementor-element-51c1144 elementor-widget elementor-widget-image\" data-id=\"51c1144\" data-element_type=\"widget\" data-e-type=\"widget\" data-widget_type=\"image.default\">\n\t\t\t\t<div class=\"elementor-widget-container\">\n\t\t\t\t\t\t\t\t\t\t\t\t\t\t\t<img fetchpriority=\"high\" decoding=\"async\" width=\"768\" height=\"768\" src=\"https:\/\/dialogandoenfamilia.com\/wp-content\/uploads\/2024\/09\/Logo_DialogandoFamilia_Black-1536x1536-2-768x768.png\" class=\"attachment-medium_large size-medium_large wp-image-230592\" alt=\"\" srcset=\"https:\/\/dialogandoenfamilia.com\/wp-content\/uploads\/2024\/09\/Logo_DialogandoFamilia_Black-1536x1536-2-768x768.png 768w, https:\/\/dialogandoenfamilia.com\/wp-content\/uploads\/2024\/09\/Logo_DialogandoFamilia_Black-1536x1536-2-300x300.png 300w, https:\/\/dialogandoenfamilia.com\/wp-content\/uploads\/2024\/09\/Logo_DialogandoFamilia_Black-1536x1536-2-1024x1024.png 1024w, https:\/\/dialogandoenfamilia.com\/wp-content\/uploads\/2024\/09\/Logo_DialogandoFamilia_Black-1536x1536-2-150x150.png 150w, https:\/\/dialogandoenfamilia.com\/wp-content\/uploads\/2024\/09\/Logo_DialogandoFamilia_Black-1536x1536-2.png 1536w\" sizes=\"(max-width: 768px) 100vw, 768px\" \/>\t\t\t\t\t\t\t\t\t\t\t\t\t\t\t<\/div>\n\t\t\t\t<\/div>\n\t\t<div class=\"elementor-element elementor-element-162b3b3 e-con-full e-flex e-con e-child\" data-id=\"162b3b3\" data-element_type=\"container\" data-e-type=\"container\">\n\t\t\t\t<div class=\"elementor-element elementor-element-02ba333 elementor-widget elementor-widget-image\" data-id=\"02ba333\" data-element_type=\"widget\" data-e-type=\"widget\" data-widget_type=\"image.default\">\n\t\t\t\t<div class=\"elementor-widget-container\">\n\t\t\t\t\t\t\t\t\t\t\t\t\t\t\t<img decoding=\"async\" src=\"https:\/\/dialogandoenfamilia.com\/home\/wp-content\/uploads\/2023\/11\/Logo_DialogandoFamilia_Black.png\" title=\"\" alt=\"\" loading=\"lazy\" \/>\t\t\t\t\t\t\t\t\t\t\t\t\t\t\t<\/div>\n\t\t\t\t<\/div>\n\t\t\t\t<\/div>\n\t\t<div class=\"elementor-element elementor-element-90894e1 e-con-full e-flex e-con e-child\" data-id=\"90894e1\" data-element_type=\"container\" data-e-type=\"container\">\n\t\t\t\t<div class=\"elementor-element elementor-element-cdc2da0 elementor-widget elementor-widget-text-editor\" data-id=\"cdc2da0\" data-element_type=\"widget\" data-e-type=\"widget\" data-widget_type=\"text-editor.default\">\n\t\t\t\t<div class=\"elementor-widget-container\">\n\t\t\t\t\t\t\t\t\t<p>Estimado p\u00fablico lector:<\/p><p>\u201cDialogando en familia\u201d es un ministerio que se ha creado con el deseo de ayudar a las familias para que se desarrollen en las \u00e1reas de la salud mental, el crecimiento espiritual, el enriquecimiento emocional y social con quien se relacionen.<\/p><p>Despu\u00e9s de haber trabajado 46 a\u00f1os en varios pa\u00edses, cumpliendo diferentes responsabilidades en la Iglesia Adventista del S\u00e9ptimo D\u00eda, junto con mi esposa la Dra. Mar\u00eda Jim\u00e9nez Mart\u00ednez, decidimos seguir aportando al enriquecimiento de las relaciones familiares por medio de seminarios, conferencias, lecturas, consejer\u00eda y terapias.<\/p><p>Aunque el programa \u201cDialogando en familia\u201d tiene un inicio sencillo, esperamos tener la bendici\u00f3n divina para ir creciendo y ofrecerles nuevos servicios a las personas que nos necesiten.<\/p><p>Atentamente,<\/p><p>\u00a0<\/p><p>Dr. Franz R\u00edos<\/p><p>Doctor en Teolog\u00eda.<\/p><p>Psic\u00f3logo Cl\u00ednico y Terapeuta Familiar.<\/p>\t\t\t\t\t\t\t\t<\/div>\n\t\t\t\t<\/div>\n\t\t\t\t<\/div>\n\t\t\t\t\t<\/div>\n\t\t\t\t<\/div>\n\t\t<div class=\"elementor-element elementor-element-d3fa425 e-flex e-con-boxed e-con e-parent\" data-id=\"d3fa425\" data-element_type=\"container\" data-e-type=\"container\">\n\t\t\t\t\t<div class=\"e-con-inner\">\n\t\t\t\t<div class=\"elementor-element elementor-element-cdc5434 elementor-widget-divider--separator-type-pattern elementor-widget-divider--no-spacing elementor-widget-divider--view-line elementor-widget elementor-widget-divider\" data-id=\"cdc5434\" data-element_type=\"widget\" data-e-type=\"widget\" data-widget_type=\"divider.default\">\n\t\t\t\t<div class=\"elementor-widget-container\">\n\t\t\t\t\t\t\t<div class=\"elementor-divider\" style=\"--divider-pattern-url: url(&quot;data:image\/svg+xml,%3Csvg xmlns=&#039;http:\/\/www.w3.org\/2000\/svg&#039; preserveAspectRatio=&#039;xMidYMid meet&#039; overflow=&#039;visible&#039; height=&#039;100%&#039; viewBox=&#039;0 0 126 26&#039; fill=&#039;black&#039; stroke=&#039;none&#039;%3E%3Cpath d=&#039;M3,10.2c2.6,0,2.6,2,2.6,3.2S4.4,16.5,3,16.5s-3-1.4-3-3.2S0.4,10.2,3,10.2z M18.8,10.2c1.7,0,3.2,1.4,3.2,3.2s-1.4,3.2-3.2,3.2c-1.7,0-3.2-1.4-3.2-3.2S17,10.2,18.8,10.2z M34.6,10.2c1.5,0,2.6,1.4,2.6,3.2s-0.5,3.2-1.9,3.2c-1.5,0-3.4-1.4-3.4-3.2S33.1,10.2,34.6,10.2z M50.5,10.2c1.7,0,3.2,1.4,3.2,3.2s-1.4,3.2-3.2,3.2c-1.7,0-3.3-0.9-3.3-2.6S48.7,10.2,50.5,10.2z M66.2,10.2c1.5,0,3.4,1.4,3.4,3.2s-1.9,3.2-3.4,3.2c-1.5,0-2.6-0.4-2.6-2.1S64.8,10.2,66.2,10.2z M82.2,10.2c1.7,0.8,2.6,1.4,2.6,3.2s-0.1,3.2-1.6,3.2c-1.5,0-3.7-1.4-3.7-3.2S80.5,9.4,82.2,10.2zM98.6,10.2c1.5,0,2.6,0.4,2.6,2.1s-1.2,4.2-2.6,4.2c-1.5,0-3.7-0.4-3.7-2.1S97.1,10.2,98.6,10.2z M113.4,10.2c1.2,0,2.2,0.9,2.2,3.2s-0.1,3.2-1.3,3.2s-3.1-1.4-3.1-3.2S112.2,10.2,113.4,10.2z&#039;\/%3E%3C\/svg%3E&quot;);\">\n\t\t\t<span class=\"elementor-divider-separator\">\n\t\t\t\t\t\t<\/span>\n\t\t<\/div>\n\t\t\t\t\t\t<\/div>\n\t\t\t\t<\/div>\n\t\t\t\t\t<\/div>\n\t\t\t\t<\/div>\n\t\t\t\t<\/div>\n\t\t","protected":false},"excerpt":{"rendered":"<p>\u00bfQuienes somos? Estimado p\u00fablico lector: \u201cDialogando en familia\u201d es un ministerio que se ha creado con el deseo de ayudar a las familias para que se desarrollen en las \u00e1reas de la salud mental, el crecimiento espiritual, el enriquecimiento emocional y social con quien se relacionen. Despu\u00e9s de haber trabajado 46 a\u00f1os en varios pa\u00edses, [&hellip;]<\/p>\n","protected":false},"author":1,"featured_media":0,"parent":0,"menu_order":0,"comment_status":"closed","ping_status":"closed","template":"","meta":{"_themeisle_gutenberg_block_has_review":false,"footnotes":""},"class_list":["post-228528","page","type-page","status-publish","hentry"],"blocksy_meta":[],"_links":{"self":[{"href":"https:\/\/dialogandoenfamilia.com\/index.php?rest_route=\/wp\/v2\/pages\/228528","targetHints":{"allow":["GET"]}}],"collection":[{"href":"https:\/\/dialogandoenfamilia.com\/index.php?rest_route=\/wp\/v2\/pages"}],"about":[{"href":"https:\/\/dialogandoenfamilia.com\/index.php?rest_route=\/wp\/v2\/types\/page"}],"author":[{"embeddable":true,"href":"https:\/\/dialogandoenfamilia.com\/index.php?rest_route=\/wp\/v2\/users\/1"}],"replies":[{"embeddable":true,"href":"https:\/\/dialogandoenfamilia.com\/index.php?rest_route=%2Fwp%2Fv2%2Fcomments&post=228528"}],"version-history":[{"count":9,"href":"https:\/\/dialogandoenfamilia.com\/index.php?rest_route=\/wp\/v2\/pages\/228528\/revisions"}],"predecessor-version":[{"id":230601,"href":"https:\/\/dialogandoenfamilia.com\/index.php?rest_route=\/wp\/v2\/pages\/228528\/revisions\/230601"}],"wp:attachment":[{"href":"https:\/\/dialogandoenfamilia.com\/index.php?rest_route=%2Fwp%2Fv2%2Fmedia&parent=228528"}],"curies":[{"name":"wp","href":"https:\/\/api.w.org\/{rel}","templated":true}]}}