{"id":228179,"date":"2020-11-20T02:14:40","date_gmt":"2020-11-20T02:14:40","guid":{"rendered":"http:\/\/unadeca.ac.cr\/teologia\/?page_id=2"},"modified":"2024-09-19T01:15:32","modified_gmt":"2024-09-19T01:15:32","slug":"sample-page-2-2","status":"publish","type":"page","link":"https:\/\/dialogandoenfamilia.com\/","title":{"rendered":"Inicio"},"content":{"rendered":"\t\t<div data-elementor-type=\"wp-page\" data-elementor-id=\"228179\" class=\"elementor elementor-228179\">\n\t\t\t\t\t\t<section class=\"elementor-section elementor-top-section elementor-element elementor-element-3355220 elementor-section-boxed elementor-section-height-default elementor-section-height-default\" data-id=\"3355220\" data-element_type=\"section\" data-e-type=\"section\">\n\t\t\t\t\t\t<div class=\"elementor-container elementor-column-gap-default\">\n\t\t\t\t\t<div class=\"elementor-column elementor-col-100 elementor-top-column elementor-element elementor-element-f790c9f\" data-id=\"f790c9f\" data-element_type=\"column\" data-e-type=\"column\">\n\t\t\t<div class=\"elementor-widget-wrap elementor-element-populated\">\n\t\t\t\t\t\t<div class=\"elementor-element elementor-element-bc27b65 elementor-widget elementor-widget-text-editor\" data-id=\"bc27b65\" data-element_type=\"widget\" data-e-type=\"widget\" data-widget_type=\"text-editor.default\">\n\t\t\t\t<div class=\"elementor-widget-container\">\n\t\t\t\t\t\t\t\t\t<p><style>.wp-show-posts-columns#wpsp-229821 {margin-left: -2em; }.wp-show-posts-columns#wpsp-229821 .wp-show-posts-inner {margin: 0 0 2em 2em; }<\/style><section id=\"wpsp-229821\" class=\" wp-show-posts\" style=\"\"><article class=\" wp-show-posts-single wpsp-clearfix post-232461 post type-post status-publish format-standard hentry category-atentos\" itemtype=\"http:\/\/schema.org\/CreativeWork\" itemscope><div class=\"wp-show-posts-inner\" style=\"\">\t\t\t\t\t\t<header class=\"wp-show-posts-entry-header\">\n\t\t\t\t\t\t\t<h1 class=\"wp-show-posts-entry-title\" itemprop=\"headline\"><a href=\"https:\/\/dialogandoenfamilia.com\/?p=232461\" rel=\"bookmark\">1 CR\u00d3NICAS 29. LECCIONES DEL \u00daLTIMO D\u00cdA DEL REINADO DE DAVID<\/a><\/h1><div class=\"wp-show-posts-entry-meta wp-show-posts-entry-meta-below-title post-meta-inline\"><span class=\"wp-show-posts-posted-on wp-show-posts-meta\">\n\t\t\t\t\t<a href=\"https:\/\/dialogandoenfamilia.com\/?p=232461\" title=\"1:00 am\" rel=\"bookmark\"><time class=\"wp-show-posts-entry-date published\" datetime=\"2026-04-18T01:00:00+00:00\" itemprop=\"datePublished\">April 18, 2026<\/time><time class=\"wp-show-posts-updated\" datetime=\"2026-04-15T01:26:42+00:00\" itemprop=\"dateModified\">April 15, 2026<\/time><\/a>\n\t\t\t\t<\/span><\/div>\t\t\t\t\t\t<\/header><!-- .entry-header -->\n\t\t\t\t\t\t\t\t\t\t\t<div class=\"wp-show-posts-entry-content\" itemprop=\"text\">\n\t\t\t\t\t\t\t\n<h4 class=\"wp-block-heading\">VERS\u00cdCULO PARA MEMORIZAR:<\/h4>\n\n\n\n<blockquote class=\"wp-block-quote is-layout-flow wp-block-quote-is-layout-flow\">\n<p>\u201cTuyos son, Se\u00f1or, la grandeza y el poder, la gloria, la victoria y la majestad, en el cielo y en la tierra. Tuyo tambi\u00e9n es el reino, y t\u00fa est\u00e1s por encima de todo\u201d (Ver. 11).<\/p>\n<\/blockquote>\n\n\n\n<hr class=\"wp-block-separator has-alpha-channel-opacity\"\/>\n\n\n\n<h3 class=\"wp-block-heading\">COMENTARIO HIST\u00d3RICO DE 1 CR\u00d3NICAS 29.<\/h3>\n\n\n\n<p>Como parte de su agradecimiento por los cuidados y bendiciones recibidas del Alt\u00edsimo, David entreg\u00f3 una gran contribuci\u00f3n de sus tesoros personales para la construcci\u00f3n del Templo que su hijo Salom\u00f3n edificar\u00eda. Luego apel\u00f3 a los militares, dirigentes y a todo el pueblo, para que ellos tambi\u00e9n expresen su gratitud a Dios. Desde el vers\u00edculo 10 se registra la oraci\u00f3n de David: agradece a Dios por lo que \u00c9l ha hecho, realza la infinita gloria y grandeza; luego reconoce que las victorias innumerables que obtuvo provinieron del poder divino. Adem\u00e1s, declara que el reino le pertenece a Dios, as\u00ed como la riqueza del universo, por lo tanto, todo es de \u00c9l, y al devolverle las ofrendas o diezmos, estamos retornando lo que le pertenece.<\/p>\n\n\n\n<p>Adem\u00e1s, David eleva una oraci\u00f3n de intercesi\u00f3n solicitando a Dios tres pedidos en favor de hijo Salom\u00f3n:<\/p>\n\n\n\n<p>1) Que tenga un coraz\u00f3n perfecto;<\/p>\n\n\n\n<p>2) Que guarde los mandamientos divinos,<\/p>\n\n\n\n<p>3) Que construya el templo.<\/p>\n\n\n\n<p>Por \u00faltimo, el cronista b\u00edblico resalta que ning\u00fan otro rey de Israel muri\u00f3 \u201cmuy anciano y entrado en a\u00f1os, en medio de grandes honores y riquezas\u201d. David muri\u00f3 como un gigante de la FE, fue el rey que vivi\u00f3 m\u00e1s cerca de Dios y se mantuvo fiel a los mandamientos.&nbsp;<br><br><\/p>\n\n\n\n<h3 class=\"wp-block-heading\">CITA SELECTA.<\/h3>\n\n\n\n<p>\u201cEra Dios quien hab\u00eda proporcionado al pueblo las riquezas de la tierra, y su Esp\u00edritu le hab\u00eda predispuesto a entregar sus cosas preciosas para el templo. Todo proven\u00eda del Se\u00f1or; si su poder divino no hubiese movido el coraz\u00f3n de la gente&nbsp;vanos habr\u00edan sido los esfuerzos del rey, y el templo no se habr\u00eda erigido. Todo lo que los hombres reciben de la bondad de Dios sigue perteneciendo a Dios. Todo lo que \u00e9l nos ha otorgado en las cosas valiosas y bellas de la tierra, ha sido colocado en nuestras manos para probarnos, para medir la profundidad de nuestro amor hacia \u00e9l y nuestro aprecio por sus favores\u201d&nbsp;(JT 2:333).<\/p>\n\n\n\n<h3 class=\"wp-block-heading\">DESAF\u00cdO PARA HOY:<\/h3>\n\n\n\n<p>El desaf\u00edo que David hizo al pueblo se repite en la actualidad: en todo el mundo se est\u00e1n edificando lugares de adoraci\u00f3n a Dios, participemos en la construcci\u00f3n de ellos y sentiremos regocijo.<\/p>\n\n\n\n<h3 class=\"wp-block-heading\">OREMOS:<\/h3>\n\n\n\n<p>PADRE, AL IGUAL QUE DAVID, TE DAMOS LA GLORIA, LA HONRA Y NUESTRA ALABANZA. RECONOCEMOS QUE LO QUE SOMOS Y TENEMOS, ES GRACIAS A TU PODER. MUCHAS GRACIAS POR LAS BENDICIONES INMERECIDAS, POR JES\u00daS, AM\u00c9N.<\/p>\n\t\t\t\t\t\t<\/div><!-- .entry-content -->\n\t\t\t\t\t<\/div><!-- wp-show-posts-inner --><div class=\"wpsp-clear\"><\/div><\/article><\/section><!-- .wp-show-posts --><\/p>\t\t\t\t\t\t\t\t<\/div>\n\t\t\t\t<\/div>\n\t\t\t\t<div class=\"elementor-element elementor-element-fe915f3 elementor-widget elementor-widget-text-editor\" data-id=\"fe915f3\" data-element_type=\"widget\" data-e-type=\"widget\" data-widget_type=\"text-editor.default\">\n\t\t\t\t<div class=\"elementor-widget-container\">\n\t\t\t\t\t\t\t\t\t<p style=\"text-align: center;\">Este articulo ha sido le\u00eddo\u200b (31) veces<\/p>\t\t\t\t\t\t\t\t<\/div>\n\t\t\t\t<\/div>\n\t\t\t\t<div class=\"elementor-element elementor-element-9c63a3d elementor-widget-divider--separator-type-pattern elementor-widget-divider--no-spacing elementor-widget-divider--view-line elementor-widget elementor-widget-divider\" data-id=\"9c63a3d\" data-element_type=\"widget\" data-e-type=\"widget\" data-widget_type=\"divider.default\">\n\t\t\t\t<div class=\"elementor-widget-container\">\n\t\t\t\t\t\t\t<div class=\"elementor-divider\" style=\"--divider-pattern-url: url(&quot;data:image\/svg+xml,%3Csvg xmlns=&#039;http:\/\/www.w3.org\/2000\/svg&#039; preserveAspectRatio=&#039;xMidYMid meet&#039; overflow=&#039;visible&#039; height=&#039;100%&#039; viewBox=&#039;0 0 126 26&#039; fill=&#039;black&#039; stroke=&#039;none&#039;%3E%3Cpath d=&#039;M3,10.2c2.6,0,2.6,2,2.6,3.2S4.4,16.5,3,16.5s-3-1.4-3-3.2S0.4,10.2,3,10.2z M18.8,10.2c1.7,0,3.2,1.4,3.2,3.2s-1.4,3.2-3.2,3.2c-1.7,0-3.2-1.4-3.2-3.2S17,10.2,18.8,10.2z M34.6,10.2c1.5,0,2.6,1.4,2.6,3.2s-0.5,3.2-1.9,3.2c-1.5,0-3.4-1.4-3.4-3.2S33.1,10.2,34.6,10.2z M50.5,10.2c1.7,0,3.2,1.4,3.2,3.2s-1.4,3.2-3.2,3.2c-1.7,0-3.3-0.9-3.3-2.6S48.7,10.2,50.5,10.2z M66.2,10.2c1.5,0,3.4,1.4,3.4,3.2s-1.9,3.2-3.4,3.2c-1.5,0-2.6-0.4-2.6-2.1S64.8,10.2,66.2,10.2z M82.2,10.2c1.7,0.8,2.6,1.4,2.6,3.2s-0.1,3.2-1.6,3.2c-1.5,0-3.7-1.4-3.7-3.2S80.5,9.4,82.2,10.2zM98.6,10.2c1.5,0,2.6,0.4,2.6,2.1s-1.2,4.2-2.6,4.2c-1.5,0-3.7-0.4-3.7-2.1S97.1,10.2,98.6,10.2z M113.4,10.2c1.2,0,2.2,0.9,2.2,3.2s-0.1,3.2-1.3,3.2s-3.1-1.4-3.1-3.2S112.2,10.2,113.4,10.2z&#039;\/%3E%3C\/svg%3E&quot;);\">\n\t\t\t<span class=\"elementor-divider-separator\">\n\t\t\t\t\t\t<\/span>\n\t\t<\/div>\n\t\t\t\t\t\t<\/div>\n\t\t\t\t<\/div>\n\t\t<div class=\"elementor-element elementor-element-9500e59 e-flex e-con-boxed e-con e-parent\" data-id=\"9500e59\" data-element_type=\"container\" data-e-type=\"container\">\n\t\t\t\t\t<div class=\"e-con-inner\">\n\t\t\t\t<div class=\"elementor-element elementor-element-2fb8d72 elementor-widget elementor-widget-text-editor\" data-id=\"2fb8d72\" data-element_type=\"widget\" data-e-type=\"widget\" data-widget_type=\"text-editor.default\">\n\t\t\t\t<div class=\"elementor-widget-container\">\n\t\t\t\t\t\t\t\t\t<p><style>.wp-show-posts-columns#wpsp-230626 {margin-left: -2em; }.wp-show-posts-columns#wpsp-230626 .wp-show-posts-inner {margin: 0 0 2em 2em; }<\/style><section id=\"wpsp-230626\" class=\" wp-show-posts\" style=\"\"><article class=\" wp-show-posts-single wpsp-clearfix post-232398 post type-post status-publish format-standard has-post-thumbnail hentry category-escuela-sabatica\" itemtype=\"http:\/\/schema.org\/CreativeWork\" itemscope><div class=\"wp-show-posts-inner\" style=\"\">\t\t\t\t\t\t<header class=\"wp-show-posts-entry-header\">\n\t\t\t\t\t\t\t<h2 class=\"wp-show-posts-entry-title\" itemprop=\"headline\"><a href=\"https:\/\/dialogandoenfamilia.com\/?p=232398\" rel=\"bookmark\">Lecci\u00f3n 4 &#8211; El Papel de la Biblia<\/a><\/h2><div class=\"wp-show-posts-entry-meta wp-show-posts-entry-meta-below-title post-meta-inline\"><span class=\"wp-show-posts-posted-on wp-show-posts-meta\">\n\t\t\t\t\t<a href=\"https:\/\/dialogandoenfamilia.com\/?p=232398\" title=\"6:00 am\" rel=\"bookmark\"><time class=\"wp-show-posts-entry-date published\" datetime=\"2026-04-18T06:00:00+00:00\" itemprop=\"datePublished\">April 18, 2026<\/time><time class=\"wp-show-posts-updated\" datetime=\"2026-03-25T11:53:39+00:00\" itemprop=\"dateModified\">March 25, 2026<\/time><\/a>\n\t\t\t\t<\/span><\/div>\t\t\t\t\t\t<\/header><!-- .entry-header -->\n\t\t\t\t\t\t\t<div class=\"wp-show-posts-image  wpsp-image-center \">\n\t\t\t<a href=\"https:\/\/dialogandoenfamilia.com\/?p=232398\"  title=\"Lecci\u00f3n 4 &#8211; El Papel de la Biblia\"><img fetchpriority=\"high\" decoding=\"async\" width=\"1280\" height=\"720\" src=\"https:\/\/dialogandoenfamilia.com\/wp-content\/uploads\/2026\/03\/Slide4.jpg\" class=\"attachment-full size-full wp-post-image\" alt=\"\" itemprop=\"image\" srcset=\"https:\/\/dialogandoenfamilia.com\/wp-content\/uploads\/2026\/03\/Slide4.jpg 1280w, https:\/\/dialogandoenfamilia.com\/wp-content\/uploads\/2026\/03\/Slide4-300x169.jpg 300w, https:\/\/dialogandoenfamilia.com\/wp-content\/uploads\/2026\/03\/Slide4-1024x576.jpg 1024w, https:\/\/dialogandoenfamilia.com\/wp-content\/uploads\/2026\/03\/Slide4-768x432.jpg 768w\" sizes=\"(max-width: 1280px) 100vw, 1280px\" \/><\/a>\t\t<\/div>\n\t\t\t\t\t\t\t\t<div class=\"wp-show-posts-entry-summary\" itemprop=\"text\">\n\t\t\t\t\t\t\t\t\t\t\t\t\t<\/div><!-- .entry-summary -->\n\t\t\t\t\t<\/div><!-- wp-show-posts-inner --><div class=\"wpsp-clear\"><\/div><\/article><\/section><!-- .wp-show-posts --><\/p>\t\t\t\t\t\t\t\t<\/div>\n\t\t\t\t<\/div>\n\t\t\t\t\t<\/div>\n\t\t\t\t<\/div>\n\t\t\t\t\t<\/div>\n\t\t<\/div>\n\t\t\t\t\t<\/div>\n\t\t<\/section>\n\t\t\t\t<section class=\"elementor-section elementor-top-section elementor-element elementor-element-d6c4984 elementor-section-boxed elementor-section-height-default elementor-section-height-default\" data-id=\"d6c4984\" data-element_type=\"section\" data-e-type=\"section\">\n\t\t\t\t\t\t<div class=\"elementor-container elementor-column-gap-default\">\n\t\t\t\t\t<div class=\"elementor-column elementor-col-100 elementor-top-column elementor-element elementor-element-d0e96ae\" data-id=\"d0e96ae\" data-element_type=\"column\" data-e-type=\"column\">\n\t\t\t<div class=\"elementor-widget-wrap elementor-element-populated\">\n\t\t\t\t\t\t<div class=\"elementor-element elementor-element-c5175d8 elementor-widget elementor-widget-text-editor\" data-id=\"c5175d8\" data-element_type=\"widget\" data-e-type=\"widget\" data-widget_type=\"text-editor.default\">\n\t\t\t\t<div class=\"elementor-widget-container\">\n\t\t\t\t\t\t\t\t\t<p style=\"text-align: center;\">9,814 Personas han visitado el sitio desde 22 setiembre del 2024<\/p>\t\t\t\t\t\t\t\t<\/div>\n\t\t\t\t<\/div>\n\t\t\t\t\t<\/div>\n\t\t<\/div>\n\t\t\t\t\t<\/div>\n\t\t<\/section>\n\t\t\t\t<\/div>\n\t\t","protected":false},"excerpt":{"rendered":"<p>Este articulo ha sido le\u00eddo\u200b () veces Personas han visitado el sitio desde 22 setiembre del 2024<\/p>\n","protected":false},"author":1,"featured_media":0,"parent":0,"menu_order":0,"comment_status":"closed","ping_status":"open","template":"","meta":{"_themeisle_gutenberg_block_has_review":false,"footnotes":""},"class_list":["post-228179","page","type-page","status-publish","hentry"],"blocksy_meta":[],"_links":{"self":[{"href":"https:\/\/dialogandoenfamilia.com\/index.php?rest_route=\/wp\/v2\/pages\/228179","targetHints":{"allow":["GET"]}}],"collection":[{"href":"https:\/\/dialogandoenfamilia.com\/index.php?rest_route=\/wp\/v2\/pages"}],"about":[{"href":"https:\/\/dialogandoenfamilia.com\/index.php?rest_route=\/wp\/v2\/types\/page"}],"author":[{"embeddable":true,"href":"https:\/\/dialogandoenfamilia.com\/index.php?rest_route=\/wp\/v2\/users\/1"}],"replies":[{"embeddable":true,"href":"https:\/\/dialogandoenfamilia.com\/index.php?rest_route=%2Fwp%2Fv2%2Fcomments&post=228179"}],"version-history":[{"count":33,"href":"https:\/\/dialogandoenfamilia.com\/index.php?rest_route=\/wp\/v2\/pages\/228179\/revisions"}],"predecessor-version":[{"id":230630,"href":"https:\/\/dialogandoenfamilia.com\/index.php?rest_route=\/wp\/v2\/pages\/228179\/revisions\/230630"}],"wp:attachment":[{"href":"https:\/\/dialogandoenfamilia.com\/index.php?rest_route=%2Fwp%2Fv2%2Fmedia&parent=228179"}],"curies":[{"name":"wp","href":"https:\/\/api.w.org\/{rel}","templated":true}]}}