{"id":223403,"date":"2021-08-27T02:57:24","date_gmt":"2021-08-27T02:57:24","guid":{"rendered":"https:\/\/unadeca.ac.cr\/teologia\/?page_id=223403"},"modified":"2024-09-12T14:40:23","modified_gmt":"2024-09-12T14:40:23","slug":"bosquejo-de-la-leccion-de-escuela-sabatica","status":"publish","type":"page","link":"https:\/\/dialogandoenfamilia.com\/?page_id=223403","title":{"rendered":"Escuela Sab\u00e1tica"},"content":{"rendered":"\t\t<div data-elementor-type=\"wp-page\" data-elementor-id=\"223403\" class=\"elementor elementor-223403\">\n\t\t\t\t\t\t<section class=\"elementor-section elementor-top-section elementor-element elementor-element-10d49f9 elementor-section-boxed elementor-section-height-default elementor-section-height-default\" data-id=\"10d49f9\" data-element_type=\"section\" data-e-type=\"section\">\n\t\t\t\t\t\t<div class=\"elementor-container elementor-column-gap-default\">\n\t\t\t\t\t<div class=\"elementor-column elementor-col-100 elementor-top-column elementor-element elementor-element-c32e896\" data-id=\"c32e896\" data-element_type=\"column\" data-e-type=\"column\">\n\t\t\t<div class=\"elementor-widget-wrap elementor-element-populated\">\n\t\t\t\t\t\t<div class=\"elementor-element elementor-element-eb8bbfe elementor-widget elementor-widget-text-editor\" data-id=\"eb8bbfe\" data-element_type=\"widget\" data-e-type=\"widget\" data-widget_type=\"text-editor.default\">\n\t\t\t\t<div class=\"elementor-widget-container\">\n\t\t\t\t\t\t\t\t\t<p><style>.wp-show-posts-columns#wpsp-229802 {margin-left: -2em; }.wp-show-posts-columns#wpsp-229802 .wp-show-posts-inner {margin: 0 0 2em 2em; }<\/style><section id=\"wpsp-229802\" class=\" wp-show-posts-columns wp-show-posts\" style=\"\"><article class=\" wp-show-posts-single post-232447 post type-post status-publish format-standard has-post-thumbnail hentry category-escuela-sabatica wpsp-col-6\" itemtype=\"http:\/\/schema.org\/CreativeWork\" itemscope><div class=\"wp-show-posts-inner\" style=\"\">\t\t\t\t\t\t<header class=\"wp-show-posts-entry-header\">\n\t\t\t\t\t\t\t<h2 class=\"wp-show-posts-entry-title\" itemprop=\"headline\"><a href=\"https:\/\/dialogandoenfamilia.com\/?p=232447\" rel=\"bookmark\">BOSQUEJO LECCI\u00d3N 1- EVAL\u00daATE<\/a><\/h2><div class=\"wp-show-posts-entry-meta wp-show-posts-entry-meta-below-title post-meta-inline\"><span class=\"wp-show-posts-posted-on wp-show-posts-meta\">\n\t\t\t\t\t<a href=\"https:\/\/dialogandoenfamilia.com\/?p=232447\" title=\"4:43 pm\" rel=\"bookmark\"><time class=\"wp-show-posts-entry-date published\" datetime=\"2026-04-02T16:43:18+00:00\" itemprop=\"datePublished\">April 2, 2026<\/time><time class=\"wp-show-posts-updated\" datetime=\"2026-04-02T16:43:19+00:00\" itemprop=\"dateModified\">April 2, 2026<\/time><\/a>\n\t\t\t\t<\/span><\/div>\t\t\t\t\t\t<\/header><!-- .entry-header -->\n\t\t\t\t\t\t\t<div class=\"wp-show-posts-image  wpsp-image-center \">\n\t\t\t<a href=\"https:\/\/dialogandoenfamilia.com\/?p=232447\"  title=\"BOSQUEJO LECCI\u00d3N 1- EVAL\u00daATE\"><img fetchpriority=\"high\" decoding=\"async\" width=\"1280\" height=\"720\" src=\"https:\/\/dialogandoenfamilia.com\/wp-content\/uploads\/2026\/03\/Slide1.jpg\" class=\"attachment-full size-full wp-post-image\" alt=\"\" itemprop=\"image\" srcset=\"https:\/\/dialogandoenfamilia.com\/wp-content\/uploads\/2026\/03\/Slide1.jpg 1280w, https:\/\/dialogandoenfamilia.com\/wp-content\/uploads\/2026\/03\/Slide1-300x169.jpg 300w, https:\/\/dialogandoenfamilia.com\/wp-content\/uploads\/2026\/03\/Slide1-1024x576.jpg 1024w, https:\/\/dialogandoenfamilia.com\/wp-content\/uploads\/2026\/03\/Slide1-768x432.jpg 768w\" sizes=\"(max-width: 1280px) 100vw, 1280px\" \/><\/a>\t\t<\/div>\n\t\t\t\t\t\t\t\t<div class=\"wp-show-posts-entry-summary\" itemprop=\"text\">\n\t\t\t\t\t\t\t\t\t\t\t\t\t<\/div><!-- .entry-summary -->\n\t\t\t\t\t<\/div><!-- wp-show-posts-inner --><\/article><article class=\" wp-show-posts-single post-232392 post type-post status-publish format-standard has-post-thumbnail hentry category-escuela-sabatica wpsp-col-6\" itemtype=\"http:\/\/schema.org\/CreativeWork\" itemscope><div class=\"wp-show-posts-inner\" style=\"\">\t\t\t\t\t\t<header class=\"wp-show-posts-entry-header\">\n\t\t\t\t\t\t\t<h2 class=\"wp-show-posts-entry-title\" itemprop=\"headline\"><a href=\"https:\/\/dialogandoenfamilia.com\/?p=232392\" rel=\"bookmark\">Lecci\u00f3n 1 &#8211; Eval\u00faate<\/a><\/h2><div class=\"wp-show-posts-entry-meta wp-show-posts-entry-meta-below-title post-meta-inline\"><span class=\"wp-show-posts-posted-on wp-show-posts-meta\">\n\t\t\t\t\t<a href=\"https:\/\/dialogandoenfamilia.com\/?p=232392\" title=\"6:00 am\" rel=\"bookmark\"><time class=\"wp-show-posts-entry-date published\" datetime=\"2026-03-28T06:00:00+00:00\" itemprop=\"datePublished\">March 28, 2026<\/time><time class=\"wp-show-posts-updated\" datetime=\"2026-03-25T12:00:37+00:00\" itemprop=\"dateModified\">March 25, 2026<\/time><\/a>\n\t\t\t\t<\/span><\/div>\t\t\t\t\t\t<\/header><!-- .entry-header -->\n\t\t\t\t\t\t\t<div class=\"wp-show-posts-image  wpsp-image-center \">\n\t\t\t<a href=\"https:\/\/dialogandoenfamilia.com\/?p=232392\"  title=\"Lecci\u00f3n 1 &#8211; Eval\u00faate\"><img fetchpriority=\"high\" decoding=\"async\" width=\"1280\" height=\"720\" src=\"https:\/\/dialogandoenfamilia.com\/wp-content\/uploads\/2026\/03\/Slide1.jpg\" class=\"attachment-full size-full wp-post-image\" alt=\"\" itemprop=\"image\" srcset=\"https:\/\/dialogandoenfamilia.com\/wp-content\/uploads\/2026\/03\/Slide1.jpg 1280w, https:\/\/dialogandoenfamilia.com\/wp-content\/uploads\/2026\/03\/Slide1-300x169.jpg 300w, https:\/\/dialogandoenfamilia.com\/wp-content\/uploads\/2026\/03\/Slide1-1024x576.jpg 1024w, https:\/\/dialogandoenfamilia.com\/wp-content\/uploads\/2026\/03\/Slide1-768x432.jpg 768w\" sizes=\"(max-width: 1280px) 100vw, 1280px\" \/><\/a>\t\t<\/div>\n\t\t\t\t\t\t\t\t<div class=\"wp-show-posts-entry-summary\" itemprop=\"text\">\n\t\t\t\t\t\t\t\t\t\t\t\t\t<\/div><!-- .entry-summary -->\n\t\t\t\t\t<\/div><!-- wp-show-posts-inner --><\/article><article class=\" wp-show-posts-single post-232363 post type-post status-publish format-standard has-post-thumbnail hentry category-escuela-sabatica wpsp-col-6\" itemtype=\"http:\/\/schema.org\/CreativeWork\" itemscope><div class=\"wp-show-posts-inner\" style=\"\">\t\t\t\t\t\t<header class=\"wp-show-posts-entry-header\">\n\t\t\t\t\t\t\t<h2 class=\"wp-show-posts-entry-title\" itemprop=\"headline\"><a href=\"https:\/\/dialogandoenfamilia.com\/?p=232363\" rel=\"bookmark\">BOSQUEJO LECCI\u00d3N 13 &#8211; PERMANECER EN TODA LA VOLUNTAD DE DIOS<\/a><\/h2><div class=\"wp-show-posts-entry-meta wp-show-posts-entry-meta-below-title post-meta-inline\"><span class=\"wp-show-posts-posted-on wp-show-posts-meta\">\n\t\t\t\t\t<a href=\"https:\/\/dialogandoenfamilia.com\/?p=232363\" title=\"11:26 am\" rel=\"bookmark\"><time class=\"wp-show-posts-entry-date published\" datetime=\"2026-03-25T11:26:31+00:00\" itemprop=\"datePublished\">March 25, 2026<\/time><time class=\"wp-show-posts-updated\" datetime=\"2026-03-25T11:26:32+00:00\" itemprop=\"dateModified\">March 25, 2026<\/time><\/a>\n\t\t\t\t<\/span><\/div>\t\t\t\t\t\t<\/header><!-- .entry-header -->\n\t\t\t\t\t\t\t<div class=\"wp-show-posts-image  wpsp-image-center \">\n\t\t\t<a href=\"https:\/\/dialogandoenfamilia.com\/?p=232363\"  title=\"BOSQUEJO LECCI\u00d3N 13 &#8211; PERMANECER EN TODA LA VOLUNTAD DE DIOS\"><img decoding=\"async\" width=\"1280\" height=\"720\" src=\"https:\/\/dialogandoenfamilia.com\/wp-content\/uploads\/2026\/01\/Slide13.jpg\" class=\"attachment-full size-full wp-post-image\" alt=\"\" itemprop=\"image\" srcset=\"https:\/\/dialogandoenfamilia.com\/wp-content\/uploads\/2026\/01\/Slide13.jpg 1280w, https:\/\/dialogandoenfamilia.com\/wp-content\/uploads\/2026\/01\/Slide13-300x169.jpg 300w, https:\/\/dialogandoenfamilia.com\/wp-content\/uploads\/2026\/01\/Slide13-1024x576.jpg 1024w, https:\/\/dialogandoenfamilia.com\/wp-content\/uploads\/2026\/01\/Slide13-768x432.jpg 768w\" sizes=\"(max-width: 1280px) 100vw, 1280px\" \/><\/a>\t\t<\/div>\n\t\t\t\t\t\t\t\t<div class=\"wp-show-posts-entry-summary\" itemprop=\"text\">\n\t\t\t\t\t\t\t\t\t\t\t\t\t<\/div><!-- .entry-summary -->\n\t\t\t\t\t<\/div><!-- wp-show-posts-inner --><\/article><article class=\" wp-show-posts-single post-232153 post type-post status-publish format-standard has-post-thumbnail hentry category-escuela-sabatica wpsp-col-6\" itemtype=\"http:\/\/schema.org\/CreativeWork\" itemscope><div class=\"wp-show-posts-inner\" style=\"\">\t\t\t\t\t\t<header class=\"wp-show-posts-entry-header\">\n\t\t\t\t\t\t\t<h2 class=\"wp-show-posts-entry-title\" itemprop=\"headline\"><a href=\"https:\/\/dialogandoenfamilia.com\/?p=232153\" rel=\"bookmark\">LECCI\u00d3N 13 &#8211; PERMANECER EN TODA LA VOLUNTAD DE DIOS<\/a><\/h2><div class=\"wp-show-posts-entry-meta wp-show-posts-entry-meta-below-title post-meta-inline\"><span class=\"wp-show-posts-posted-on wp-show-posts-meta\">\n\t\t\t\t\t<a href=\"https:\/\/dialogandoenfamilia.com\/?p=232153\" title=\"1:00 pm\" rel=\"bookmark\"><time class=\"wp-show-posts-entry-date published\" datetime=\"2026-03-21T13:00:00+00:00\" itemprop=\"datePublished\">March 21, 2026<\/time><time class=\"wp-show-posts-updated\" datetime=\"2026-01-01T04:15:41+00:00\" itemprop=\"dateModified\">January 1, 2026<\/time><\/a>\n\t\t\t\t<\/span><\/div>\t\t\t\t\t\t<\/header><!-- .entry-header -->\n\t\t\t\t\t\t\t<div class=\"wp-show-posts-image  wpsp-image-center \">\n\t\t\t<a href=\"https:\/\/dialogandoenfamilia.com\/?p=232153\"  title=\"LECCI\u00d3N 13 &#8211; PERMANECER EN TODA LA VOLUNTAD DE DIOS\"><img decoding=\"async\" width=\"1280\" height=\"720\" src=\"https:\/\/dialogandoenfamilia.com\/wp-content\/uploads\/2026\/01\/Slide13.jpg\" class=\"attachment-full size-full wp-post-image\" alt=\"\" itemprop=\"image\" srcset=\"https:\/\/dialogandoenfamilia.com\/wp-content\/uploads\/2026\/01\/Slide13.jpg 1280w, https:\/\/dialogandoenfamilia.com\/wp-content\/uploads\/2026\/01\/Slide13-300x169.jpg 300w, https:\/\/dialogandoenfamilia.com\/wp-content\/uploads\/2026\/01\/Slide13-1024x576.jpg 1024w, https:\/\/dialogandoenfamilia.com\/wp-content\/uploads\/2026\/01\/Slide13-768x432.jpg 768w\" sizes=\"(max-width: 1280px) 100vw, 1280px\" \/><\/a>\t\t<\/div>\n\t\t\t\t\t\t\t\t<div class=\"wp-show-posts-entry-summary\" itemprop=\"text\">\n\t\t\t\t\t\t\t\t\t\t\t\t\t<\/div><!-- .entry-summary -->\n\t\t\t\t\t<\/div><!-- wp-show-posts-inner --><\/article><article class=\" wp-show-posts-single post-232359 post type-post status-publish format-standard has-post-thumbnail hentry category-escuela-sabatica wpsp-col-6\" itemtype=\"http:\/\/schema.org\/CreativeWork\" itemscope><div class=\"wp-show-posts-inner\" style=\"\">\t\t\t\t\t\t<header class=\"wp-show-posts-entry-header\">\n\t\t\t\t\t\t\t<h2 class=\"wp-show-posts-entry-title\" itemprop=\"headline\"><a href=\"https:\/\/dialogandoenfamilia.com\/?p=232359\" rel=\"bookmark\">BOSQUEJO LECCI\u00d3N 12 &#8211; LA VIDA EN COMUNI\u00d3N CON LOS DEM\u00c1S<\/a><\/h2><div class=\"wp-show-posts-entry-meta wp-show-posts-entry-meta-below-title post-meta-inline\"><span class=\"wp-show-posts-posted-on wp-show-posts-meta\">\n\t\t\t\t\t<a href=\"https:\/\/dialogandoenfamilia.com\/?p=232359\" title=\"12:34 pm\" rel=\"bookmark\"><time class=\"wp-show-posts-entry-date published\" datetime=\"2026-03-20T12:34:56+00:00\" itemprop=\"datePublished\">March 20, 2026<\/time><\/a>\n\t\t\t\t<\/span><\/div>\t\t\t\t\t\t<\/header><!-- .entry-header -->\n\t\t\t\t\t\t\t<div class=\"wp-show-posts-image  wpsp-image-center \">\n\t\t\t<a href=\"https:\/\/dialogandoenfamilia.com\/?p=232359\"  title=\"BOSQUEJO LECCI\u00d3N 12 &#8211; LA VIDA EN COMUNI\u00d3N CON LOS DEM\u00c1S\"><img decoding=\"async\" width=\"1280\" height=\"720\" src=\"https:\/\/dialogandoenfamilia.com\/wp-content\/uploads\/2026\/01\/Slide12.jpg\" class=\"attachment-full size-full wp-post-image\" alt=\"\" itemprop=\"image\" srcset=\"https:\/\/dialogandoenfamilia.com\/wp-content\/uploads\/2026\/01\/Slide12.jpg 1280w, https:\/\/dialogandoenfamilia.com\/wp-content\/uploads\/2026\/01\/Slide12-300x169.jpg 300w, https:\/\/dialogandoenfamilia.com\/wp-content\/uploads\/2026\/01\/Slide12-1024x576.jpg 1024w, https:\/\/dialogandoenfamilia.com\/wp-content\/uploads\/2026\/01\/Slide12-768x432.jpg 768w\" sizes=\"(max-width: 1280px) 100vw, 1280px\" \/><\/a>\t\t<\/div>\n\t\t\t\t\t\t\t\t<div class=\"wp-show-posts-entry-summary\" itemprop=\"text\">\n\t\t\t\t\t\t\t\t\t\t\t\t\t<\/div><!-- .entry-summary -->\n\t\t\t\t\t<\/div><!-- wp-show-posts-inner --><\/article><article class=\" wp-show-posts-single post-232151 post type-post status-publish format-standard has-post-thumbnail hentry category-escuela-sabatica wpsp-col-6\" itemtype=\"http:\/\/schema.org\/CreativeWork\" itemscope><div class=\"wp-show-posts-inner\" style=\"\">\t\t\t\t\t\t<header class=\"wp-show-posts-entry-header\">\n\t\t\t\t\t\t\t<h2 class=\"wp-show-posts-entry-title\" itemprop=\"headline\"><a href=\"https:\/\/dialogandoenfamilia.com\/?p=232151\" rel=\"bookmark\">LECCI\u00d3N 12 &#8211; LA VIDA EN COMUNI\u00d3N CON LOS DEM\u00c1S<\/a><\/h2><div class=\"wp-show-posts-entry-meta wp-show-posts-entry-meta-below-title post-meta-inline\"><span class=\"wp-show-posts-posted-on wp-show-posts-meta\">\n\t\t\t\t\t<a href=\"https:\/\/dialogandoenfamilia.com\/?p=232151\" title=\"1:00 pm\" rel=\"bookmark\"><time class=\"wp-show-posts-entry-date published\" datetime=\"2026-03-14T13:00:00+00:00\" itemprop=\"datePublished\">March 14, 2026<\/time><time class=\"wp-show-posts-updated\" datetime=\"2026-01-01T04:15:02+00:00\" itemprop=\"dateModified\">January 1, 2026<\/time><\/a>\n\t\t\t\t<\/span><\/div>\t\t\t\t\t\t<\/header><!-- .entry-header -->\n\t\t\t\t\t\t\t<div class=\"wp-show-posts-image  wpsp-image-center \">\n\t\t\t<a href=\"https:\/\/dialogandoenfamilia.com\/?p=232151\"  title=\"LECCI\u00d3N 12 &#8211; LA VIDA EN COMUNI\u00d3N CON LOS DEM\u00c1S\"><img decoding=\"async\" width=\"1280\" height=\"720\" src=\"https:\/\/dialogandoenfamilia.com\/wp-content\/uploads\/2026\/01\/Slide12.jpg\" class=\"attachment-full size-full wp-post-image\" alt=\"\" itemprop=\"image\" srcset=\"https:\/\/dialogandoenfamilia.com\/wp-content\/uploads\/2026\/01\/Slide12.jpg 1280w, https:\/\/dialogandoenfamilia.com\/wp-content\/uploads\/2026\/01\/Slide12-300x169.jpg 300w, https:\/\/dialogandoenfamilia.com\/wp-content\/uploads\/2026\/01\/Slide12-1024x576.jpg 1024w, https:\/\/dialogandoenfamilia.com\/wp-content\/uploads\/2026\/01\/Slide12-768x432.jpg 768w\" sizes=\"(max-width: 1280px) 100vw, 1280px\" \/><\/a>\t\t<\/div>\n\t\t\t\t\t\t\t\t<div class=\"wp-show-posts-entry-summary\" itemprop=\"text\">\n\t\t\t\t\t\t\t\t\t\t\t\t\t<\/div><!-- .entry-summary -->\n\t\t\t\t\t<\/div><!-- wp-show-posts-inner --><\/article><article class=\" wp-show-posts-single post-232327 post type-post status-publish format-standard has-post-thumbnail hentry category-escuela-sabatica wpsp-col-6\" itemtype=\"http:\/\/schema.org\/CreativeWork\" itemscope><div class=\"wp-show-posts-inner\" style=\"\">\t\t\t\t\t\t<header class=\"wp-show-posts-entry-header\">\n\t\t\t\t\t\t\t<h2 class=\"wp-show-posts-entry-title\" itemprop=\"headline\"><a href=\"https:\/\/dialogandoenfamilia.com\/?p=232327\" rel=\"bookmark\">BOSQUEJO LECCI\u00d3N 11 &#8211; VIVIR CON CRISTO<\/a><\/h2><div class=\"wp-show-posts-entry-meta wp-show-posts-entry-meta-below-title post-meta-inline\"><span class=\"wp-show-posts-posted-on wp-show-posts-meta\">\n\t\t\t\t\t<a href=\"https:\/\/dialogandoenfamilia.com\/?p=232327\" title=\"6:52 pm\" rel=\"bookmark\"><time class=\"wp-show-posts-entry-date published\" datetime=\"2026-03-12T18:52:22+00:00\" itemprop=\"datePublished\">March 12, 2026<\/time><\/a>\n\t\t\t\t<\/span><\/div>\t\t\t\t\t\t<\/header><!-- .entry-header -->\n\t\t\t\t\t\t\t<div class=\"wp-show-posts-image  wpsp-image-center \">\n\t\t\t<a href=\"https:\/\/dialogandoenfamilia.com\/?p=232327\"  title=\"BOSQUEJO LECCI\u00d3N 11 &#8211; VIVIR CON CRISTO\"><img loading=\"lazy\" decoding=\"async\" width=\"1280\" height=\"720\" src=\"https:\/\/dialogandoenfamilia.com\/wp-content\/uploads\/2026\/01\/Slide11.jpg\" class=\"attachment-full size-full wp-post-image\" alt=\"\" itemprop=\"image\" srcset=\"https:\/\/dialogandoenfamilia.com\/wp-content\/uploads\/2026\/01\/Slide11.jpg 1280w, https:\/\/dialogandoenfamilia.com\/wp-content\/uploads\/2026\/01\/Slide11-300x169.jpg 300w, https:\/\/dialogandoenfamilia.com\/wp-content\/uploads\/2026\/01\/Slide11-1024x576.jpg 1024w, https:\/\/dialogandoenfamilia.com\/wp-content\/uploads\/2026\/01\/Slide11-768x432.jpg 768w\" sizes=\"(max-width: 1280px) 100vw, 1280px\" \/><\/a>\t\t<\/div>\n\t\t\t\t\t\t\t\t<div class=\"wp-show-posts-entry-summary\" itemprop=\"text\">\n\t\t\t\t\t\t\t\t\t\t\t\t\t<\/div><!-- .entry-summary -->\n\t\t\t\t\t<\/div><!-- wp-show-posts-inner --><\/article><article class=\" wp-show-posts-single post-232149 post type-post status-publish format-standard has-post-thumbnail hentry category-escuela-sabatica wpsp-col-6\" itemtype=\"http:\/\/schema.org\/CreativeWork\" itemscope><div class=\"wp-show-posts-inner\" style=\"\">\t\t\t\t\t\t<header class=\"wp-show-posts-entry-header\">\n\t\t\t\t\t\t\t<h2 class=\"wp-show-posts-entry-title\" itemprop=\"headline\"><a href=\"https:\/\/dialogandoenfamilia.com\/?p=232149\" rel=\"bookmark\">LECCI\u00d3N 11 &#8211; VIVIR CON CRISTO<\/a><\/h2><div class=\"wp-show-posts-entry-meta wp-show-posts-entry-meta-below-title post-meta-inline\"><span class=\"wp-show-posts-posted-on wp-show-posts-meta\">\n\t\t\t\t\t<a href=\"https:\/\/dialogandoenfamilia.com\/?p=232149\" title=\"1:00 pm\" rel=\"bookmark\"><time class=\"wp-show-posts-entry-date published\" datetime=\"2026-03-07T13:00:00+00:00\" itemprop=\"datePublished\">March 7, 2026<\/time><time class=\"wp-show-posts-updated\" datetime=\"2026-01-01T04:14:21+00:00\" itemprop=\"dateModified\">January 1, 2026<\/time><\/a>\n\t\t\t\t<\/span><\/div>\t\t\t\t\t\t<\/header><!-- .entry-header -->\n\t\t\t\t\t\t\t<div class=\"wp-show-posts-image  wpsp-image-center \">\n\t\t\t<a href=\"https:\/\/dialogandoenfamilia.com\/?p=232149\"  title=\"LECCI\u00d3N 11 &#8211; VIVIR CON CRISTO\"><img loading=\"lazy\" decoding=\"async\" width=\"1280\" height=\"720\" src=\"https:\/\/dialogandoenfamilia.com\/wp-content\/uploads\/2026\/01\/Slide11.jpg\" class=\"attachment-full size-full wp-post-image\" alt=\"\" itemprop=\"image\" srcset=\"https:\/\/dialogandoenfamilia.com\/wp-content\/uploads\/2026\/01\/Slide11.jpg 1280w, https:\/\/dialogandoenfamilia.com\/wp-content\/uploads\/2026\/01\/Slide11-300x169.jpg 300w, https:\/\/dialogandoenfamilia.com\/wp-content\/uploads\/2026\/01\/Slide11-1024x576.jpg 1024w, https:\/\/dialogandoenfamilia.com\/wp-content\/uploads\/2026\/01\/Slide11-768x432.jpg 768w\" sizes=\"(max-width: 1280px) 100vw, 1280px\" \/><\/a>\t\t<\/div>\n\t\t\t\t\t\t\t\t<div class=\"wp-show-posts-entry-summary\" itemprop=\"text\">\n\t\t\t\t\t\t\t\t\t\t\t\t\t<\/div><!-- .entry-summary -->\n\t\t\t\t\t<\/div><!-- wp-show-posts-inner --><\/article><article class=\" wp-show-posts-single post-232147 post type-post status-publish format-standard has-post-thumbnail hentry category-escuela-sabatica wpsp-col-6\" itemtype=\"http:\/\/schema.org\/CreativeWork\" itemscope><div class=\"wp-show-posts-inner\" style=\"\">\t\t\t\t\t\t<header class=\"wp-show-posts-entry-header\">\n\t\t\t\t\t\t\t<h2 class=\"wp-show-posts-entry-title\" itemprop=\"headline\"><a href=\"https:\/\/dialogandoenfamilia.com\/?p=232147\" rel=\"bookmark\">LECCI\u00d3N 10 &#8211; COMPLETOS EN CRISTO<\/a><\/h2><div class=\"wp-show-posts-entry-meta wp-show-posts-entry-meta-below-title post-meta-inline\"><span class=\"wp-show-posts-posted-on wp-show-posts-meta\">\n\t\t\t\t\t<a href=\"https:\/\/dialogandoenfamilia.com\/?p=232147\" title=\"1:00 pm\" rel=\"bookmark\"><time class=\"wp-show-posts-entry-date published\" datetime=\"2026-02-28T13:00:00+00:00\" itemprop=\"datePublished\">February 28, 2026<\/time><time class=\"wp-show-posts-updated\" datetime=\"2026-01-01T04:13:45+00:00\" itemprop=\"dateModified\">January 1, 2026<\/time><\/a>\n\t\t\t\t<\/span><\/div>\t\t\t\t\t\t<\/header><!-- .entry-header -->\n\t\t\t\t\t\t\t<div class=\"wp-show-posts-image  wpsp-image-center \">\n\t\t\t<a href=\"https:\/\/dialogandoenfamilia.com\/?p=232147\"  title=\"LECCI\u00d3N 10 &#8211; COMPLETOS EN CRISTO\"><img loading=\"lazy\" decoding=\"async\" width=\"1280\" height=\"720\" src=\"https:\/\/dialogandoenfamilia.com\/wp-content\/uploads\/2026\/01\/Slide10.jpg\" class=\"attachment-full size-full wp-post-image\" alt=\"\" itemprop=\"image\" srcset=\"https:\/\/dialogandoenfamilia.com\/wp-content\/uploads\/2026\/01\/Slide10.jpg 1280w, https:\/\/dialogandoenfamilia.com\/wp-content\/uploads\/2026\/01\/Slide10-300x169.jpg 300w, https:\/\/dialogandoenfamilia.com\/wp-content\/uploads\/2026\/01\/Slide10-1024x576.jpg 1024w, https:\/\/dialogandoenfamilia.com\/wp-content\/uploads\/2026\/01\/Slide10-768x432.jpg 768w\" sizes=\"(max-width: 1280px) 100vw, 1280px\" \/><\/a>\t\t<\/div>\n\t\t\t\t\t\t\t\t<div class=\"wp-show-posts-entry-summary\" itemprop=\"text\">\n\t\t\t\t\t\t\t\t\t\t\t\t\t<\/div><!-- .entry-summary -->\n\t\t\t\t\t<\/div><!-- wp-show-posts-inner --><\/article><article class=\" wp-show-posts-single post-232145 post type-post status-publish format-standard has-post-thumbnail hentry category-escuela-sabatica wpsp-col-6\" itemtype=\"http:\/\/schema.org\/CreativeWork\" itemscope><div class=\"wp-show-posts-inner\" style=\"\">\t\t\t\t\t\t<header class=\"wp-show-posts-entry-header\">\n\t\t\t\t\t\t\t<h2 class=\"wp-show-posts-entry-title\" itemprop=\"headline\"><a href=\"https:\/\/dialogandoenfamilia.com\/?p=232145\" rel=\"bookmark\">LECCI\u00d3N 9 &#8211; RECONCILIACI\u00d3N Y ESPERANZA<\/a><\/h2><div class=\"wp-show-posts-entry-meta wp-show-posts-entry-meta-below-title post-meta-inline\"><span class=\"wp-show-posts-posted-on wp-show-posts-meta\">\n\t\t\t\t\t<a href=\"https:\/\/dialogandoenfamilia.com\/?p=232145\" title=\"1:00 pm\" rel=\"bookmark\"><time class=\"wp-show-posts-entry-date published\" datetime=\"2026-02-21T13:00:00+00:00\" itemprop=\"datePublished\">February 21, 2026<\/time><time class=\"wp-show-posts-updated\" datetime=\"2026-01-01T04:13:02+00:00\" itemprop=\"dateModified\">January 1, 2026<\/time><\/a>\n\t\t\t\t<\/span><\/div>\t\t\t\t\t\t<\/header><!-- .entry-header -->\n\t\t\t\t\t\t\t<div class=\"wp-show-posts-image  wpsp-image-center \">\n\t\t\t<a href=\"https:\/\/dialogandoenfamilia.com\/?p=232145\"  title=\"LECCI\u00d3N 9 &#8211; RECONCILIACI\u00d3N Y ESPERANZA\"><img loading=\"lazy\" decoding=\"async\" width=\"1280\" height=\"720\" src=\"https:\/\/dialogandoenfamilia.com\/wp-content\/uploads\/2026\/01\/Slide9.jpg\" class=\"attachment-full size-full wp-post-image\" alt=\"\" itemprop=\"image\" srcset=\"https:\/\/dialogandoenfamilia.com\/wp-content\/uploads\/2026\/01\/Slide9.jpg 1280w, https:\/\/dialogandoenfamilia.com\/wp-content\/uploads\/2026\/01\/Slide9-300x169.jpg 300w, https:\/\/dialogandoenfamilia.com\/wp-content\/uploads\/2026\/01\/Slide9-1024x576.jpg 1024w, https:\/\/dialogandoenfamilia.com\/wp-content\/uploads\/2026\/01\/Slide9-768x432.jpg 768w\" sizes=\"(max-width: 1280px) 100vw, 1280px\" \/><\/a>\t\t<\/div>\n\t\t\t\t\t\t\t\t<div class=\"wp-show-posts-entry-summary\" itemprop=\"text\">\n\t\t\t\t\t\t\t\t\t\t\t\t\t<\/div><!-- .entry-summary -->\n\t\t\t\t\t<\/div><!-- wp-show-posts-inner --><\/article><div class=\"wpsp-clear\"><\/div><\/section><!-- .wp-show-posts --><\/p>\t\t\t\t\t\t\t\t<\/div>\n\t\t\t\t<\/div>\n\t\t\t\t\t<\/div>\n\t\t<\/div>\n\t\t\t\t\t<\/div>\n\t\t<\/section>\n\t\t\t\t<\/div>\n\t\t","protected":false},"excerpt":{"rendered":"","protected":false},"author":1,"featured_media":0,"parent":0,"menu_order":0,"comment_status":"closed","ping_status":"closed","template":"","meta":{"_themeisle_gutenberg_block_has_review":false,"footnotes":""},"class_list":["post-223403","page","type-page","status-publish","hentry"],"blocksy_meta":[],"_links":{"self":[{"href":"https:\/\/dialogandoenfamilia.com\/index.php?rest_route=\/wp\/v2\/pages\/223403","targetHints":{"allow":["GET"]}}],"collection":[{"href":"https:\/\/dialogandoenfamilia.com\/index.php?rest_route=\/wp\/v2\/pages"}],"about":[{"href":"https:\/\/dialogandoenfamilia.com\/index.php?rest_route=\/wp\/v2\/types\/page"}],"author":[{"embeddable":true,"href":"https:\/\/dialogandoenfamilia.com\/index.php?rest_route=\/wp\/v2\/users\/1"}],"replies":[{"embeddable":true,"href":"https:\/\/dialogandoenfamilia.com\/index.php?rest_route=%2Fwp%2Fv2%2Fcomments&post=223403"}],"version-history":[{"count":3,"href":"https:\/\/dialogandoenfamilia.com\/index.php?rest_route=\/wp\/v2\/pages\/223403\/revisions"}],"predecessor-version":[{"id":229805,"href":"https:\/\/dialogandoenfamilia.com\/index.php?rest_route=\/wp\/v2\/pages\/223403\/revisions\/229805"}],"wp:attachment":[{"href":"https:\/\/dialogandoenfamilia.com\/index.php?rest_route=%2Fwp%2Fv2%2Fmedia&parent=223403"}],"curies":[{"name":"wp","href":"https:\/\/api.w.org\/{rel}","templated":true}]}}