{"id":222329,"date":"2020-11-25T02:11:28","date_gmt":"2020-11-25T02:11:28","guid":{"rendered":"http:\/\/unadeca.ac.cr\/teologia\/?page_id=222329"},"modified":"2024-09-12T19:59:19","modified_gmt":"2024-09-12T19:59:19","slug":"archivo","status":"publish","type":"page","link":"https:\/\/dialogandoenfamilia.com\/?page_id=222329","title":{"rendered":"Archivo"},"content":{"rendered":"\t\t<div data-elementor-type=\"wp-page\" data-elementor-id=\"222329\" class=\"elementor elementor-222329\">\n\t\t\t\t<div class=\"elementor-element elementor-element-63431e3 e-flex e-con-boxed e-con e-parent\" data-id=\"63431e3\" data-element_type=\"container\" data-e-type=\"container\">\n\t\t\t\t\t<div class=\"e-con-inner\">\n\t\t\t\t<div class=\"elementor-element elementor-element-e7feec1 elementor-widget elementor-widget-text-editor\" data-id=\"e7feec1\" data-element_type=\"widget\" data-e-type=\"widget\" data-widget_type=\"text-editor.default\">\n\t\t\t\t<div class=\"elementor-widget-container\">\n\t\t\t\t\t\t\t\t\t<p><style>.wp-show-posts-columns#wpsp-229801 {margin-left: -2em; }.wp-show-posts-columns#wpsp-229801 .wp-show-posts-inner {margin: 0 0 2em 2em; }<\/style><section id=\"wpsp-229801\" class=\" wp-show-posts-columns wp-show-posts\" style=\"\"><article class=\" wp-show-posts-single post-232426 post type-post status-publish format-standard hentry category-atentos wpsp-col-6\" itemtype=\"http:\/\/schema.org\/CreativeWork\" itemscope><div class=\"wp-show-posts-inner\" style=\"\">\t\t\t\t\t\t<header class=\"wp-show-posts-entry-header\">\n\t\t\t\t\t\t\t<h2 class=\"wp-show-posts-entry-title\" itemprop=\"headline\"><a href=\"https:\/\/dialogandoenfamilia.com\/?p=232426\" rel=\"bookmark\">1 CR\u00d3NICAS 15. NUESTRAS MEJORES ALABANZAS SEAN DADAS A DIOS<\/a><\/h2><div class=\"wp-show-posts-entry-meta wp-show-posts-entry-meta-below-title post-meta-inline\"><span class=\"wp-show-posts-posted-on wp-show-posts-meta\">\n\t\t\t\t\t<a href=\"https:\/\/dialogandoenfamilia.com\/?p=232426\" title=\"1:00 am\" rel=\"bookmark\"><time class=\"wp-show-posts-entry-date published\" datetime=\"2026-04-04T01:00:00+00:00\" itemprop=\"datePublished\">April 4, 2026<\/time><time class=\"wp-show-posts-updated\" datetime=\"2026-03-30T02:11:31+00:00\" itemprop=\"dateModified\">March 30, 2026<\/time><\/a>\n\t\t\t\t<\/span><\/div>\t\t\t\t\t\t<\/header><!-- .entry-header -->\n\t\t\t\t\t\t\t\t\t\t\t<div class=\"wp-show-posts-entry-summary\" itemprop=\"text\">\n\t\t\t\t\t\t\t<p>VERS\u00cdCULO PARA MEMORIZAR: \u201cDavid les orden\u00f3 a los jefes de los levitas que nombraran cantores de entre sus parientes para que entonaran alegres cantos al son de arpas, liras y&#8230;<\/p>\n\t\t\t\t\t\t<\/div><!-- .entry-summary -->\n\t\t\t\t\t<\/div><!-- wp-show-posts-inner --><\/article><article class=\" wp-show-posts-single post-232424 post type-post status-publish format-standard hentry category-atentos wpsp-col-6\" itemtype=\"http:\/\/schema.org\/CreativeWork\" itemscope><div class=\"wp-show-posts-inner\" style=\"\">\t\t\t\t\t\t<header class=\"wp-show-posts-entry-header\">\n\t\t\t\t\t\t\t<h2 class=\"wp-show-posts-entry-title\" itemprop=\"headline\"><a href=\"https:\/\/dialogandoenfamilia.com\/?p=232424\" rel=\"bookmark\">1 CR\u00d3NICAS 14. LECCI\u00d3N: CONSULTAR ANTES DE ACTUAR<\/a><\/h2><div class=\"wp-show-posts-entry-meta wp-show-posts-entry-meta-below-title post-meta-inline\"><span class=\"wp-show-posts-posted-on wp-show-posts-meta\">\n\t\t\t\t\t<a href=\"https:\/\/dialogandoenfamilia.com\/?p=232424\" title=\"1:00 am\" rel=\"bookmark\"><time class=\"wp-show-posts-entry-date published\" datetime=\"2026-04-03T01:00:00+00:00\" itemprop=\"datePublished\">April 3, 2026<\/time><time class=\"wp-show-posts-updated\" datetime=\"2026-03-30T02:10:58+00:00\" itemprop=\"dateModified\">March 30, 2026<\/time><\/a>\n\t\t\t\t<\/span><\/div>\t\t\t\t\t\t<\/header><!-- .entry-header -->\n\t\t\t\t\t\t\t\t\t\t\t<div class=\"wp-show-posts-entry-summary\" itemprop=\"text\">\n\t\t\t\t\t\t\t<p>VERS\u00cdCULO PARA MEMORIZAR: \u201cAs\u00ed David volvi\u00f3 a consultar a Dios, y \u00e9l le contest\u00f3: no los ataques de frente, sino rod\u00e9alos hasta llegar a los \u00e1rboles de b\u00e1lsamo, y entonces&#8230;<\/p>\n\t\t\t\t\t\t<\/div><!-- .entry-summary -->\n\t\t\t\t\t<\/div><!-- wp-show-posts-inner --><\/article><article class=\" wp-show-posts-single post-232422 post type-post status-publish format-standard hentry category-atentos wpsp-col-6\" itemtype=\"http:\/\/schema.org\/CreativeWork\" itemscope><div class=\"wp-show-posts-inner\" style=\"\">\t\t\t\t\t\t<header class=\"wp-show-posts-entry-header\">\n\t\t\t\t\t\t\t<h2 class=\"wp-show-posts-entry-title\" itemprop=\"headline\"><a href=\"https:\/\/dialogandoenfamilia.com\/?p=232422\" rel=\"bookmark\">1 CR\u00d3NICAS 13. DIOS BENDICE A LAS PERSONAS QUE LO ADORAN<\/a><\/h2><div class=\"wp-show-posts-entry-meta wp-show-posts-entry-meta-below-title post-meta-inline\"><span class=\"wp-show-posts-posted-on wp-show-posts-meta\">\n\t\t\t\t\t<a href=\"https:\/\/dialogandoenfamilia.com\/?p=232422\" title=\"1:00 am\" rel=\"bookmark\"><time class=\"wp-show-posts-entry-date published\" datetime=\"2026-04-02T01:00:00+00:00\" itemprop=\"datePublished\">April 2, 2026<\/time><time class=\"wp-show-posts-updated\" datetime=\"2026-03-30T02:10:27+00:00\" itemprop=\"dateModified\">March 30, 2026<\/time><\/a>\n\t\t\t\t<\/span><\/div>\t\t\t\t\t\t<\/header><!-- .entry-header -->\n\t\t\t\t\t\t\t\t\t\t\t<div class=\"wp-show-posts-entry-summary\" itemprop=\"text\">\n\t\t\t\t\t\t\t<p>VERS\u00cdCULO PARA MEMORIZAR: \u201cFue as\u00ed como el arca de Dios permaneci\u00f3 tres meses en la casa de Obed Edom, y el Se\u00f1or bendijo a la familia de Obed Edom y&#8230;<\/p>\n\t\t\t\t\t\t<\/div><!-- .entry-summary -->\n\t\t\t\t\t<\/div><!-- wp-show-posts-inner --><\/article><article class=\" wp-show-posts-single post-232420 post type-post status-publish format-standard hentry category-atentos wpsp-col-6\" itemtype=\"http:\/\/schema.org\/CreativeWork\" itemscope><div class=\"wp-show-posts-inner\" style=\"\">\t\t\t\t\t\t<header class=\"wp-show-posts-entry-header\">\n\t\t\t\t\t\t\t<h2 class=\"wp-show-posts-entry-title\" itemprop=\"headline\"><a href=\"https:\/\/dialogandoenfamilia.com\/?p=232420\" rel=\"bookmark\">1 CR\u00d3NICAS 12. CULTIVAR LAS TRES CUALIDADES DE LA TRIBU DE ISACAR<\/a><\/h2><div class=\"wp-show-posts-entry-meta wp-show-posts-entry-meta-below-title post-meta-inline\"><span class=\"wp-show-posts-posted-on wp-show-posts-meta\">\n\t\t\t\t\t<a href=\"https:\/\/dialogandoenfamilia.com\/?p=232420\" title=\"1:00 am\" rel=\"bookmark\"><time class=\"wp-show-posts-entry-date published\" datetime=\"2026-04-01T01:00:00+00:00\" itemprop=\"datePublished\">April 1, 2026<\/time><time class=\"wp-show-posts-updated\" datetime=\"2026-03-30T02:09:58+00:00\" itemprop=\"dateModified\">March 30, 2026<\/time><\/a>\n\t\t\t\t<\/span><\/div>\t\t\t\t\t\t<\/header><!-- .entry-header -->\n\t\t\t\t\t\t\t\t\t\t\t<div class=\"wp-show-posts-entry-summary\" itemprop=\"text\">\n\t\t\t\t\t\t\t<p>VERS\u00cdCULO PARA MEMORIZAR: \u201cDe los hijos de Isacar, doscientos principales, entendidos en los tiempos, y que sab\u00edan lo que Israel deb\u00eda hacer, cuyo dicho segu\u00edan todos sus hermanos\u201d (Ver. 32)&#8230;.<\/p>\n\t\t\t\t\t\t<\/div><!-- .entry-summary -->\n\t\t\t\t\t<\/div><!-- wp-show-posts-inner --><\/article><article class=\" wp-show-posts-single post-232418 post type-post status-publish format-standard hentry category-atentos wpsp-col-6\" itemtype=\"http:\/\/schema.org\/CreativeWork\" itemscope><div class=\"wp-show-posts-inner\" style=\"\">\t\t\t\t\t\t<header class=\"wp-show-posts-entry-header\">\n\t\t\t\t\t\t\t<h2 class=\"wp-show-posts-entry-title\" itemprop=\"headline\"><a href=\"https:\/\/dialogandoenfamilia.com\/?p=232418\" rel=\"bookmark\">1 CR\u00d3NICAS 11. LECCIONES DEL REINADO DE DAVID PARA LA VIDA<\/a><\/h2><div class=\"wp-show-posts-entry-meta wp-show-posts-entry-meta-below-title post-meta-inline\"><span class=\"wp-show-posts-posted-on wp-show-posts-meta\">\n\t\t\t\t\t<a href=\"https:\/\/dialogandoenfamilia.com\/?p=232418\" title=\"1:00 am\" rel=\"bookmark\"><time class=\"wp-show-posts-entry-date published\" datetime=\"2026-03-31T01:00:00+00:00\" itemprop=\"datePublished\">March 31, 2026<\/time><time class=\"wp-show-posts-updated\" datetime=\"2026-03-30T02:09:25+00:00\" itemprop=\"dateModified\">March 30, 2026<\/time><\/a>\n\t\t\t\t<\/span><\/div>\t\t\t\t\t\t<\/header><!-- .entry-header -->\n\t\t\t\t\t\t\t\t\t\t\t<div class=\"wp-show-posts-entry-summary\" itemprop=\"text\">\n\t\t\t\t\t\t\t<p>VERS\u00cdCULO PARA MEMORIZAR: \u201cAs\u00ed pues, todos los ancianos de Israel fueron a Hebr\u00f3n para hablar con el rey, quien hizo all\u00ed un pacto con ellos en presencia del Se\u00f1or. Despu\u00e9s&#8230;<\/p>\n\t\t\t\t\t\t<\/div><!-- .entry-summary -->\n\t\t\t\t\t<\/div><!-- wp-show-posts-inner --><\/article><article class=\" wp-show-posts-single post-232357 post type-post status-publish format-standard hentry category-atentos wpsp-col-6\" itemtype=\"http:\/\/schema.org\/CreativeWork\" itemscope><div class=\"wp-show-posts-inner\" style=\"\">\t\t\t\t\t\t<header class=\"wp-show-posts-entry-header\">\n\t\t\t\t\t\t\t<h2 class=\"wp-show-posts-entry-title\" itemprop=\"headline\"><a href=\"https:\/\/dialogandoenfamilia.com\/?p=232357\" rel=\"bookmark\">1 CR\u00d3NICAS 10. LA REBELI\u00d3N DE SA\u00daL LO LLEV\u00d3 A LA MUERTE.<\/a><\/h2><div class=\"wp-show-posts-entry-meta wp-show-posts-entry-meta-below-title post-meta-inline\"><span class=\"wp-show-posts-posted-on wp-show-posts-meta\">\n\t\t\t\t\t<a href=\"https:\/\/dialogandoenfamilia.com\/?p=232357\" title=\"1:00 am\" rel=\"bookmark\"><time class=\"wp-show-posts-entry-date published\" datetime=\"2026-03-30T01:00:00+00:00\" itemprop=\"datePublished\">March 30, 2026<\/time><time class=\"wp-show-posts-updated\" datetime=\"2026-03-16T01:52:29+00:00\" itemprop=\"dateModified\">March 16, 2026<\/time><\/a>\n\t\t\t\t<\/span><\/div>\t\t\t\t\t\t<\/header><!-- .entry-header -->\n\t\t\t\t\t\t\t\t\t\t\t<div class=\"wp-show-posts-entry-summary\" itemprop=\"text\">\n\t\t\t\t\t\t\t<p>VERS\u00cdCULO PARA MEMORIZAR: \u201cSa\u00fal muri\u00f3 por haberse rebelado contra el Se\u00f1or, pues en vez de consultarlo, desobedeci\u00f3 su palabra y busc\u00f3 el consejo de una adivina\u201d (Ver. 13). COMENTARIO HIST\u00d3RICO&#8230;<\/p>\n\t\t\t\t\t\t<\/div><!-- .entry-summary -->\n\t\t\t\t\t<\/div><!-- wp-show-posts-inner --><\/article><article class=\" wp-show-posts-single post-232355 post type-post status-publish format-standard hentry category-atentos wpsp-col-6\" itemtype=\"http:\/\/schema.org\/CreativeWork\" itemscope><div class=\"wp-show-posts-inner\" style=\"\">\t\t\t\t\t\t<header class=\"wp-show-posts-entry-header\">\n\t\t\t\t\t\t\t<h2 class=\"wp-show-posts-entry-title\" itemprop=\"headline\"><a href=\"https:\/\/dialogandoenfamilia.com\/?p=232355\" rel=\"bookmark\">1 CR\u00d3NICAS 9. TENEMOS UN LINAJE MUY ESPECIAL<\/a><\/h2><div class=\"wp-show-posts-entry-meta wp-show-posts-entry-meta-below-title post-meta-inline\"><span class=\"wp-show-posts-posted-on wp-show-posts-meta\">\n\t\t\t\t\t<a href=\"https:\/\/dialogandoenfamilia.com\/?p=232355\" title=\"1:00 am\" rel=\"bookmark\"><time class=\"wp-show-posts-entry-date published\" datetime=\"2026-03-29T01:00:00+00:00\" itemprop=\"datePublished\">March 29, 2026<\/time><time class=\"wp-show-posts-updated\" datetime=\"2026-03-16T01:51:55+00:00\" itemprop=\"dateModified\">March 16, 2026<\/time><\/a>\n\t\t\t\t<\/span><\/div>\t\t\t\t\t\t<\/header><!-- .entry-header -->\n\t\t\t\t\t\t\t\t\t\t\t<div class=\"wp-show-posts-entry-summary\" itemprop=\"text\">\n\t\t\t\t\t\t\t<p>VERS\u00cdCULO PARA MEMORIZAR: \u201cTodo Israel fue inscrito por genealog\u00edas; y est\u00e1n escritos en el libro de los reyes de Israel. Y Jud\u00e1 fue llevado al destierro cautivo a Babilonia por&#8230;<\/p>\n\t\t\t\t\t\t<\/div><!-- .entry-summary -->\n\t\t\t\t\t<\/div><!-- wp-show-posts-inner --><\/article><article class=\" wp-show-posts-single post-232353 post type-post status-publish format-standard hentry category-atentos wpsp-col-6\" itemtype=\"http:\/\/schema.org\/CreativeWork\" itemscope><div class=\"wp-show-posts-inner\" style=\"\">\t\t\t\t\t\t<header class=\"wp-show-posts-entry-header\">\n\t\t\t\t\t\t\t<h2 class=\"wp-show-posts-entry-title\" itemprop=\"headline\"><a href=\"https:\/\/dialogandoenfamilia.com\/?p=232353\" rel=\"bookmark\">1 CR\u00d3NICAS 8. NO COMETER EL ERROR DE DIVORCIARSE DE SU PAREJA<\/a><\/h2><div class=\"wp-show-posts-entry-meta wp-show-posts-entry-meta-below-title post-meta-inline\"><span class=\"wp-show-posts-posted-on wp-show-posts-meta\">\n\t\t\t\t\t<a href=\"https:\/\/dialogandoenfamilia.com\/?p=232353\" title=\"1:00 am\" rel=\"bookmark\"><time class=\"wp-show-posts-entry-date published\" datetime=\"2026-03-28T01:00:00+00:00\" itemprop=\"datePublished\">March 28, 2026<\/time><time class=\"wp-show-posts-updated\" datetime=\"2026-03-16T01:51:13+00:00\" itemprop=\"dateModified\">March 16, 2026<\/time><\/a>\n\t\t\t\t<\/span><\/div>\t\t\t\t\t\t<\/header><!-- .entry-header -->\n\t\t\t\t\t\t\t\t\t\t\t<div class=\"wp-show-posts-entry-summary\" itemprop=\"text\">\n\t\t\t\t\t\t\t<p>VERS\u00cdCULO PARA MEMORIZAR: \u201cDespu\u00e9s de que Sajarayin repudi\u00f3 a sus esposas Jus\u00edn y Bar\u00e1, tuvo otros hijos en los campos de Moab. Con su esposa Hodes tuvo a Jobab, Sibia,&#8230;<\/p>\n\t\t\t\t\t\t<\/div><!-- .entry-summary -->\n\t\t\t\t\t<\/div><!-- wp-show-posts-inner --><\/article><article class=\" wp-show-posts-single post-232351 post type-post status-publish format-standard hentry category-atentos wpsp-col-6\" itemtype=\"http:\/\/schema.org\/CreativeWork\" itemscope><div class=\"wp-show-posts-inner\" style=\"\">\t\t\t\t\t\t<header class=\"wp-show-posts-entry-header\">\n\t\t\t\t\t\t\t<h2 class=\"wp-show-posts-entry-title\" itemprop=\"headline\"><a href=\"https:\/\/dialogandoenfamilia.com\/?p=232351\" rel=\"bookmark\">1 CR\u00d3NICAS 7. INTERCEDER TODO EL TIEMPO POR NUESTROS HIJOS E HIJAS<\/a><\/h2><div class=\"wp-show-posts-entry-meta wp-show-posts-entry-meta-below-title post-meta-inline\"><span class=\"wp-show-posts-posted-on wp-show-posts-meta\">\n\t\t\t\t\t<a href=\"https:\/\/dialogandoenfamilia.com\/?p=232351\" title=\"1:00 am\" rel=\"bookmark\"><time class=\"wp-show-posts-entry-date published\" datetime=\"2026-03-27T01:00:00+00:00\" itemprop=\"datePublished\">March 27, 2026<\/time><time class=\"wp-show-posts-updated\" datetime=\"2026-03-16T01:50:27+00:00\" itemprop=\"dateModified\">March 16, 2026<\/time><\/a>\n\t\t\t\t<\/span><\/div>\t\t\t\t\t\t<\/header><!-- .entry-header -->\n\t\t\t\t\t\t\t\t\t\t\t<div class=\"wp-show-posts-entry-summary\" itemprop=\"text\">\n\t\t\t\t\t\t\t<p>VERS\u00cdCULO PARA MEMORIZAR: \u201cDurante mucho tiempo Efra\u00edn guard\u00f3 luto por sus hijos, y sus parientes llegaron para consolarlo\u201d (Ver. 22). COMENTARIO HIST\u00d3RICO DE CR\u00d3NICAS 7. En este cap\u00edtulo se mencionan&#8230;<\/p>\n\t\t\t\t\t\t<\/div><!-- .entry-summary -->\n\t\t\t\t\t<\/div><!-- wp-show-posts-inner --><\/article><article class=\" wp-show-posts-single post-232349 post type-post status-publish format-standard hentry category-atentos wpsp-col-6\" itemtype=\"http:\/\/schema.org\/CreativeWork\" itemscope><div class=\"wp-show-posts-inner\" style=\"\">\t\t\t\t\t\t<header class=\"wp-show-posts-entry-header\">\n\t\t\t\t\t\t\t<h2 class=\"wp-show-posts-entry-title\" itemprop=\"headline\"><a href=\"https:\/\/dialogandoenfamilia.com\/?p=232349\" rel=\"bookmark\">1 CR\u00d3NICAS 6. AN\u00c1LISIS DE LA VIDA DE DOS SUMO SACERDOTES<\/a><\/h2><div class=\"wp-show-posts-entry-meta wp-show-posts-entry-meta-below-title post-meta-inline\"><span class=\"wp-show-posts-posted-on wp-show-posts-meta\">\n\t\t\t\t\t<a href=\"https:\/\/dialogandoenfamilia.com\/?p=232349\" title=\"1:00 am\" rel=\"bookmark\"><time class=\"wp-show-posts-entry-date published\" datetime=\"2026-03-26T01:00:00+00:00\" itemprop=\"datePublished\">March 26, 2026<\/time><time class=\"wp-show-posts-updated\" datetime=\"2026-03-16T01:49:50+00:00\" itemprop=\"dateModified\">March 16, 2026<\/time><\/a>\n\t\t\t\t<\/span><\/div>\t\t\t\t\t\t<\/header><!-- .entry-header -->\n\t\t\t\t\t\t\t\t\t\t\t<div class=\"wp-show-posts-entry-summary\" itemprop=\"text\">\n\t\t\t\t\t\t\t<p>VERS\u00cdCULO PARA MEMORIZAR: \u201cJosadac fue llevado al cautiverio cuando el Se\u00f1or deport\u00f3 a Jud\u00e1 y a Jerusal\u00e9n por medio de Nabucodonosor\u201d (Ver. 15). COMENTARIO HIST\u00d3RICO DE 1 CR\u00d3NICAS 6. La&#8230;<\/p>\n\t\t\t\t\t\t<\/div><!-- .entry-summary -->\n\t\t\t\t\t<\/div><!-- wp-show-posts-inner --><\/article><div class=\"wpsp-clear\"><\/div><\/section><!-- .wp-show-posts --><div class=\"wpsp-load-more\"><span aria-current=\"page\" class=\"page-numbers current\">1<\/span>\n<a class=\"page-numbers\" href=\"https:\/\/dialogandoenfamilia.com\/index.php\/?paged=2&#038;rest_route=%2Fwp%2Fv2%2Fpages%2F222329\">2<\/a>\n<span class=\"page-numbers dots\">&hellip;<\/span>\n<a class=\"page-numbers\" href=\"https:\/\/dialogandoenfamilia.com\/index.php\/?paged=226&#038;rest_route=%2Fwp%2Fv2%2Fpages%2F222329\">226<\/a>\n<a class=\"next page-numbers\" href=\"https:\/\/dialogandoenfamilia.com\/index.php\/?paged=2&#038;rest_route=%2Fwp%2Fv2%2Fpages%2F222329\">Next &rarr;<\/a><\/div><\/p>\t\t\t\t\t\t\t\t<\/div>\n\t\t\t\t<\/div>\n\t\t\t\t\t<\/div>\n\t\t\t\t<\/div>\n\t\t\t\t<\/div>\n\t\t","protected":false},"excerpt":{"rendered":"","protected":false},"author":1,"featured_media":0,"parent":0,"menu_order":0,"comment_status":"closed","ping_status":"closed","template":"elementor_header_footer","meta":{"_themeisle_gutenberg_block_has_review":false,"footnotes":""},"class_list":["post-222329","page","type-page","status-publish","hentry"],"blocksy_meta":[],"_links":{"self":[{"href":"https:\/\/dialogandoenfamilia.com\/index.php?rest_route=\/wp\/v2\/pages\/222329","targetHints":{"allow":["GET"]}}],"collection":[{"href":"https:\/\/dialogandoenfamilia.com\/index.php?rest_route=\/wp\/v2\/pages"}],"about":[{"href":"https:\/\/dialogandoenfamilia.com\/index.php?rest_route=\/wp\/v2\/types\/page"}],"author":[{"embeddable":true,"href":"https:\/\/dialogandoenfamilia.com\/index.php?rest_route=\/wp\/v2\/users\/1"}],"replies":[{"embeddable":true,"href":"https:\/\/dialogandoenfamilia.com\/index.php?rest_route=%2Fwp%2Fv2%2Fcomments&post=222329"}],"version-history":[{"count":6,"href":"https:\/\/dialogandoenfamilia.com\/index.php?rest_route=\/wp\/v2\/pages\/222329\/revisions"}],"predecessor-version":[{"id":229872,"href":"https:\/\/dialogandoenfamilia.com\/index.php?rest_route=\/wp\/v2\/pages\/222329\/revisions\/229872"}],"wp:attachment":[{"href":"https:\/\/dialogandoenfamilia.com\/index.php?rest_route=%2Fwp%2Fv2%2Fmedia&parent=222329"}],"curies":[{"name":"wp","href":"https:\/\/api.w.org\/{rel}","templated":true}]}}