{"id":222220,"date":"2020-11-23T21:55:01","date_gmt":"2020-11-23T21:55:01","guid":{"rendered":"http:\/\/unadeca.ac.cr\/teologia\/?page_id=222220"},"modified":"2024-09-12T19:48:26","modified_gmt":"2024-09-12T19:48:26","slug":"comentario-de-hoy","status":"publish","type":"page","link":"https:\/\/dialogandoenfamilia.com\/?page_id=222220","title":{"rendered":"Comentario de hoy"},"content":{"rendered":"\t\t<div data-elementor-type=\"wp-page\" data-elementor-id=\"222220\" class=\"elementor elementor-222220\">\n\t\t\t\t\t\t<section class=\"elementor-section elementor-top-section elementor-element elementor-element-761c6194 elementor-section-boxed elementor-section-height-default elementor-section-height-default\" data-id=\"761c6194\" data-element_type=\"section\" data-e-type=\"section\">\n\t\t\t\t\t\t<div class=\"elementor-container elementor-column-gap-default\">\n\t\t\t\t\t<div class=\"elementor-column elementor-col-100 elementor-top-column elementor-element elementor-element-7947f6e0\" data-id=\"7947f6e0\" data-element_type=\"column\" data-e-type=\"column\">\n\t\t\t<div class=\"elementor-widget-wrap elementor-element-populated\">\n\t\t\t\t\t\t<div class=\"elementor-element elementor-element-215c4dbb elementor-widget elementor-widget-text-editor\" data-id=\"215c4dbb\" data-element_type=\"widget\" data-e-type=\"widget\" data-widget_type=\"text-editor.default\">\n\t\t\t\t<div class=\"elementor-widget-container\">\n\t\t\t\t\t\t\t\t\t<p>\u00a0<\/p><h1 style=\"text-align: center;\">MENSAJE DEL D\u00cdA<\/h1><p><style>.wp-show-posts-columns#wpsp-229821 {margin-left: -2em; }.wp-show-posts-columns#wpsp-229821 .wp-show-posts-inner {margin: 0 0 2em 2em; }<\/style><section id=\"wpsp-229821\" class=\" wp-show-posts\" style=\"\"><article class=\" wp-show-posts-single wpsp-clearfix post-232426 post type-post status-publish format-standard hentry category-atentos\" itemtype=\"http:\/\/schema.org\/CreativeWork\" itemscope><div class=\"wp-show-posts-inner\" style=\"\">\t\t\t\t\t\t<header class=\"wp-show-posts-entry-header\">\n\t\t\t\t\t\t\t<h1 class=\"wp-show-posts-entry-title\" itemprop=\"headline\"><a href=\"https:\/\/dialogandoenfamilia.com\/?p=232426\" rel=\"bookmark\">1 CR\u00d3NICAS 15. NUESTRAS MEJORES ALABANZAS SEAN DADAS A DIOS<\/a><\/h1><div class=\"wp-show-posts-entry-meta wp-show-posts-entry-meta-below-title post-meta-inline\"><span class=\"wp-show-posts-posted-on wp-show-posts-meta\">\n\t\t\t\t\t<a href=\"https:\/\/dialogandoenfamilia.com\/?p=232426\" title=\"1:00 am\" rel=\"bookmark\"><time class=\"wp-show-posts-entry-date published\" datetime=\"2026-04-04T01:00:00+00:00\" itemprop=\"datePublished\">April 4, 2026<\/time><time class=\"wp-show-posts-updated\" datetime=\"2026-03-30T02:11:31+00:00\" itemprop=\"dateModified\">March 30, 2026<\/time><\/a>\n\t\t\t\t<\/span><\/div>\t\t\t\t\t\t<\/header><!-- .entry-header -->\n\t\t\t\t\t\t\t\t\t\t\t<div class=\"wp-show-posts-entry-content\" itemprop=\"text\">\n\t\t\t\t\t\t\t\n<h4 class=\"wp-block-heading\">VERS\u00cdCULO PARA MEMORIZAR:<\/h4>\n\n\n\n<blockquote class=\"wp-block-quote is-layout-flow wp-block-quote-is-layout-flow\">\n<p>\u201cDavid les orden\u00f3 a los jefes de los levitas que nombraran cantores de entre sus parientes para que entonaran alegres cantos al son de arpas, liras y c\u00edmbalos\u201d (Ver. 16).<\/p>\n<\/blockquote>\n\n\n\n<hr class=\"wp-block-separator has-alpha-channel-opacity\"\/>\n\n\n\n<h3 class=\"wp-block-heading\">COMENTARIO HIST\u00d3RICO DE 1 CR\u00d3NICAS 15.<\/h3>\n\n\n\n<p>Despu\u00e9s de someter a todas las naciones vecinas, David se dedic\u00f3 a embellecer la ciudad de Jerusal\u00e9n, construy\u00f3 casas para \u00e9l y sus colaboradores. Luego, dedic\u00f3 un lugar para trasladar el Arca de Pacto de la casa de Obed-Edom, al lugar que hab\u00eda construido. Para este segundo intento, David organiz\u00f3 a los levitas por familias y a las familias de Aar\u00f3n, para que trasladen el Arca de acuerdo con las leyes emanadas por Dios. La solemne ceremonia del traslado del arca, despertaron un inter\u00e9s profundo en el servicio del santuario y la adoraci\u00f3n a Jehov\u00e1.<\/p>\n\n\n\n<p>Para mantener en forma permanente la adoraci\u00f3n a Dios, se establecieron turnos para el servicio de los sacrificios diarios. Adem\u00e1s, David introdujo en forma oficial el canto y la alabanza con una variedad de instrumentos musicales para ahondar el esp\u00edritu de adoraci\u00f3n al Dios de Israel. Una variedad de instrumentos musicales fue creada por David. La influencia&nbsp;del canto tanto por su letra, como por su melod\u00eda imprimi\u00f3 en las mentes un esp\u00edritu de gratitud y adoraci\u00f3n a Dios.<\/p>\n\n\n\n<h3 class=\"wp-block-heading\">CITA SELECTA.<\/h3>\n\n\n\n<p>\u201cLas cosas superfluas que se han introducido en el culto en\u2014-deben evitarse decididamente&#8230; Dios acepta la&nbsp;m\u00fasica&nbsp;\u00fanicamente cuando por su&nbsp;influencia&nbsp;los corazones se santifican y se enternecen. Pero muchos que se complacen con la&nbsp;m\u00fasica&nbsp;no saben lo que significa producir melod\u00edas en sus corazones para Dios. Sus corazones han ido \u201ctras los \u00eddolos\u201d.<\/p>\n\n\n\n<p><strong>El mal uso de la m\u00fasica<\/strong>\u2014Cuando los cristianos profesos alcanzan la norma elevada que es su privilegio alcanzar, la sencillez de Cristo ser\u00e1 mantenida en todos sus servicios de culto. Las formas, las ceremonias y las realizaciones musicales no constituyen la fortaleza de la iglesia. Sin embargo, estas cosas han tomado el lugar que Dios debiera tener, tal como aconteci\u00f3 en el culto de los jud\u00edos\u201d&nbsp;(Ev 373).<\/p>\n\n\n\n<h3 class=\"wp-block-heading\">DESAF\u00cdO PARA HOY:<\/h3>\n\n\n\n<p>En la actualidad, debemos desarrollar la sabidur\u00eda celestial para seleccionar y escuchar m\u00fasica que eleve nuestro esp\u00edritu. \u201c\u00bfEst\u00e1 alguno alegre? Cante ALABANZAS\u201d (Sant 5:13).<\/p>\n\n\n\n<h3 class=\"wp-block-heading\">ORACI\u00d3N:<\/h3>\n\n\n\n<p>SE\u00d1OR, PERMITE QUE LA M\u00daSICA QUE ESCUCHEMOS Y LAS QUE SALGAN DE NUESTROS LABIOS, SEAN DE MANERA EXCLUSIVA PARA ALABAR TU NOMBRE Y EXPRESAR NUESTRA GRATITUD POR TODAS TUS BENDICIONES, POR JES\u00daS, AM\u00c9N.<\/p>\n\t\t\t\t\t\t<\/div><!-- .entry-content -->\n\t\t\t\t\t<\/div><!-- wp-show-posts-inner --><div class=\"wpsp-clear\"><\/div><\/article><\/section><!-- .wp-show-posts --><\/p><h3 style=\"text-align: center;\">Este articulo ha sido le\u00eddo (20) veces.<\/h3><p>\u00a0<\/p>\t\t\t\t\t\t\t\t<\/div>\n\t\t\t\t<\/div>\n\t\t\t\t\t<\/div>\n\t\t<\/div>\n\t\t\t\t\t<\/div>\n\t\t<\/section>\n\t\t\t\t<\/div>\n\t\t","protected":false},"excerpt":{"rendered":"<p>\u00a0 MENSAJE DEL D\u00cdA Este articulo ha sido le\u00eddo () veces. \u00a0<\/p>\n","protected":false},"author":1,"featured_media":0,"parent":0,"menu_order":0,"comment_status":"closed","ping_status":"closed","template":"","meta":{"_themeisle_gutenberg_block_has_review":false,"footnotes":""},"class_list":["post-222220","page","type-page","status-publish","hentry"],"blocksy_meta":[],"_links":{"self":[{"href":"https:\/\/dialogandoenfamilia.com\/index.php?rest_route=\/wp\/v2\/pages\/222220","targetHints":{"allow":["GET"]}}],"collection":[{"href":"https:\/\/dialogandoenfamilia.com\/index.php?rest_route=\/wp\/v2\/pages"}],"about":[{"href":"https:\/\/dialogandoenfamilia.com\/index.php?rest_route=\/wp\/v2\/types\/page"}],"author":[{"embeddable":true,"href":"https:\/\/dialogandoenfamilia.com\/index.php?rest_route=\/wp\/v2\/users\/1"}],"replies":[{"embeddable":true,"href":"https:\/\/dialogandoenfamilia.com\/index.php?rest_route=%2Fwp%2Fv2%2Fcomments&post=222220"}],"version-history":[{"count":4,"href":"https:\/\/dialogandoenfamilia.com\/index.php?rest_route=\/wp\/v2\/pages\/222220\/revisions"}],"predecessor-version":[{"id":229868,"href":"https:\/\/dialogandoenfamilia.com\/index.php?rest_route=\/wp\/v2\/pages\/222220\/revisions\/229868"}],"wp:attachment":[{"href":"https:\/\/dialogandoenfamilia.com\/index.php?rest_route=%2Fwp%2Fv2%2Fmedia&parent=222220"}],"curies":[{"name":"wp","href":"https:\/\/api.w.org\/{rel}","templated":true}]}}